{"id":4501,"date":"2025-02-21T08:06:33","date_gmt":"2025-02-21T08:06:33","guid":{"rendered":"https:\/\/www.adworld.si\/blog\/"},"modified":"2025-02-21T08:52:00","modified_gmt":"2025-02-21T08:52:00","slug":"blog","status":"publish","type":"page","link":"https:\/\/www.adworld.si\/pt-pt\/blog\/","title":{"rendered":"Blog"},"content":{"rendered":"\t\t<div data-elementor-type=\"wp-page\" data-elementor-id=\"4501\" class=\"elementor elementor-4501 elementor-4492\" data-elementor-post-type=\"page\">\n\t\t\t\t<div class=\"elementor-element elementor-element-39d039f e-flex e-con-boxed e-con e-parent\" data-id=\"39d039f\" data-element_type=\"container\" data-e-type=\"container\">\n\t\t\t\t\t<div class=\"e-con-inner\">\n\t\t\t\t<div class=\"elementor-element elementor-element-749a91a elementor-widget elementor-widget-heading\" data-id=\"749a91a\" data-element_type=\"widget\" data-e-type=\"widget\" data-widget_type=\"heading.default\">\n\t\t\t\t<div class=\"elementor-widget-container\">\n\t\t\t\t\t<h1 class=\"elementor-heading-title elementor-size-default\">Blogue sobre PPC, SEO e marketing<\/h1>\t\t\t\t<\/div>\n\t\t\t\t<\/div>\n\t\t\t\t<div class=\"elementor-element elementor-element-0d1530e elementor-widget elementor-widget-text-editor\" data-id=\"0d1530e\" data-element_type=\"widget\" data-e-type=\"widget\" data-widget_type=\"text-editor.default\">\n\t\t\t\t<div class=\"elementor-widget-container\">\n\t\t\t\t\t\t\t\t\t<p>Publicamos artigos sobre marketing para empresas e profissionais que querem crescer. Apenas conte\u00fados \u00fateis de especialistas na sua \u00e1rea. <\/p>\t\t\t\t\t\t\t\t<\/div>\n\t\t\t\t<\/div>\n\t\t\t\t\t<\/div>\n\t\t\t\t<\/div>\n\t\t<div class=\"elementor-element elementor-element-9e1e19e e-flex e-con-boxed e-con e-parent\" data-id=\"9e1e19e\" data-element_type=\"container\" data-e-type=\"container\">\n\t\t\t\t\t<div class=\"e-con-inner\">\n\t\t\t\t\t<\/div>\n\t\t\t\t<\/div>\n\t\t\t\t<\/div>\n\t\t","protected":false},"excerpt":{"rendered":"<p>No nosso blogue, encontrar\u00e1 informa\u00e7\u00f5es \u00fateis sobre Marketing, PPC e SEO. Tend\u00eancias, guias e tudo o que deve saber para fazer crescer o seu neg\u00f3cio. <\/p>\n","protected":false},"author":2,"featured_media":0,"parent":0,"menu_order":0,"comment_status":"closed","ping_status":"closed","template":"","meta":{"footnotes":""},"class_list":["post-4501","page","type-page","status-publish","hentry"],"yoast_head":"<!-- This site is optimized with the Yoast SEO plugin v27.5 - https:\/\/yoast.com\/product\/yoast-seo-wordpress\/ -->\n<title>Blogue sobre PPC, SEO e marketing - Ag\u00eancia de Marketing AdWorld<\/title>\n<meta name=\"description\" content=\"No nosso blogue, encontrar\u00e1 informa\u00e7\u00f5es \u00fateis sobre Marketing, PPC e SEO. Tend\u00eancias, guias e tudo o que deve saber para fazer crescer o seu neg\u00f3cio.\" \/>\n<meta name=\"robots\" content=\"index, follow, max-snippet:-1, max-image-preview:large, max-video-preview:-1\" \/>\n<link rel=\"canonical\" href=\"https:\/\/www.adworld.si\/pt-pt\/blog\/\" \/>\n<meta property=\"og:locale\" content=\"pt_PT\" \/>\n<meta property=\"og:type\" content=\"article\" \/>\n<meta property=\"og:title\" content=\"Blogue sobre PPC, SEO e marketing - Ag\u00eancia de Marketing AdWorld\" \/>\n<meta property=\"og:description\" content=\"No nosso blogue, encontrar\u00e1 informa\u00e7\u00f5es \u00fateis sobre Marketing, PPC e SEO. Tend\u00eancias, guias e tudo o que deve saber para fazer crescer o seu neg\u00f3cio.\" \/>\n<meta property=\"og:url\" content=\"https:\/\/www.adworld.si\/pt-pt\/blog\/\" \/>\n<meta property=\"og:site_name\" content=\"Adworld: PPC &amp; SEO Experts - Best SEM Services Adworld Internet Marketing: PPC &amp; SEO Experts - Best SEM Services\" \/>\n<meta property=\"article:publisher\" content=\"https:\/\/www.facebook.com\/Adworldppc\/\" \/>\n<meta property=\"article:modified_time\" content=\"2025-02-21T08:52:00+00:00\" \/>\n<meta name=\"twitter:card\" content=\"summary_large_image\" \/>\n<script type=\"application\/ld+json\" class=\"yoast-schema-graph\">{\"@context\":\"https:\\\/\\\/schema.org\",\"@graph\":[{\"@type\":\"WebPage\",\"@id\":\"https:\\\/\\\/www.adworld.si\\\/pt-pt\\\/blog\\\/\",\"url\":\"https:\\\/\\\/www.adworld.si\\\/pt-pt\\\/blog\\\/\",\"name\":\"Blogue sobre PPC, SEO e marketing - Ag\u00eancia de Marketing AdWorld\",\"isPartOf\":{\"@id\":\"https:\\\/\\\/www.adworld.si\\\/pt-pt\\\/#website\"},\"datePublished\":\"2025-02-21T08:06:33+00:00\",\"dateModified\":\"2025-02-21T08:52:00+00:00\",\"description\":\"No nosso blogue, encontrar\u00e1 informa\u00e7\u00f5es \u00fateis sobre Marketing, PPC e SEO. Tend\u00eancias, guias e tudo o que deve saber para fazer crescer o seu neg\u00f3cio.\",\"breadcrumb\":{\"@id\":\"https:\\\/\\\/www.adworld.si\\\/pt-pt\\\/blog\\\/#breadcrumb\"},\"inLanguage\":\"pt-PT\",\"potentialAction\":[{\"@type\":\"ReadAction\",\"target\":[\"https:\\\/\\\/www.adworld.si\\\/pt-pt\\\/blog\\\/\"]}]},{\"@type\":\"BreadcrumbList\",\"@id\":\"https:\\\/\\\/www.adworld.si\\\/pt-pt\\\/blog\\\/#breadcrumb\",\"itemListElement\":[{\"@type\":\"ListItem\",\"position\":1,\"name\":\"Home\",\"item\":\"https:\\\/\\\/www.adworld.si\\\/pt-pt\\\/\"},{\"@type\":\"ListItem\",\"position\":2,\"name\":\"Blog\"}]},{\"@type\":\"WebSite\",\"@id\":\"https:\\\/\\\/www.adworld.si\\\/pt-pt\\\/#website\",\"url\":\"https:\\\/\\\/www.adworld.si\\\/pt-pt\\\/\",\"name\":\"Adworld Internet Marketing: PPC & SEO Experts - Best SEM Services\",\"description\":\"Grow your traffic and sales with our Digital Marketing Services. We are specialised in PPC &amp; SEO. 10+ years of experience. Customised solutions for your brand!.\",\"publisher\":{\"@id\":\"https:\\\/\\\/www.adworld.si\\\/pt-pt\\\/#organization\"},\"potentialAction\":[{\"@type\":\"SearchAction\",\"target\":{\"@type\":\"EntryPoint\",\"urlTemplate\":\"https:\\\/\\\/www.adworld.si\\\/pt-pt\\\/?s={search_term_string}\"},\"query-input\":{\"@type\":\"PropertyValueSpecification\",\"valueRequired\":true,\"valueName\":\"search_term_string\"}}],\"inLanguage\":\"pt-PT\"},{\"@type\":\"Organization\",\"@id\":\"https:\\\/\\\/www.adworld.si\\\/pt-pt\\\/#organization\",\"name\":\"Adworld Internet Marketing Klemen Kveder s.p.\",\"url\":\"https:\\\/\\\/www.adworld.si\\\/pt-pt\\\/\",\"logo\":{\"@type\":\"ImageObject\",\"inLanguage\":\"pt-PT\",\"@id\":\"https:\\\/\\\/www.adworld.si\\\/pt-pt\\\/#\\\/schema\\\/logo\\\/image\\\/\",\"url\":\"https:\\\/\\\/www.adworld.si\\\/wp-content\\\/uploads\\\/2023\\\/10\\\/logo.svg\",\"contentUrl\":\"https:\\\/\\\/www.adworld.si\\\/wp-content\\\/uploads\\\/2023\\\/10\\\/logo.svg\",\"width\":790,\"height\":588,\"caption\":\"Adworld Internet Marketing Klemen Kveder s.p.\"},\"image\":{\"@id\":\"https:\\\/\\\/www.adworld.si\\\/pt-pt\\\/#\\\/schema\\\/logo\\\/image\\\/\"},\"sameAs\":[\"https:\\\/\\\/www.facebook.com\\\/Adworldppc\\\/\",\"https:\\\/\\\/www.linkedin.com\\\/company\\\/agencijaadworld\\\/?viewAsMember=true\"]}]}<\/script>\n<!-- \/ Yoast SEO plugin. -->","yoast_head_json":{"title":"Blogue sobre PPC, SEO e marketing - Ag\u00eancia de Marketing AdWorld","description":"No nosso blogue, encontrar\u00e1 informa\u00e7\u00f5es \u00fateis sobre Marketing, PPC e SEO. Tend\u00eancias, guias e tudo o que deve saber para fazer crescer o seu neg\u00f3cio.","robots":{"index":"index","follow":"follow","max-snippet":"max-snippet:-1","max-image-preview":"max-image-preview:large","max-video-preview":"max-video-preview:-1"},"canonical":"https:\/\/www.adworld.si\/pt-pt\/blog\/","og_locale":"pt_PT","og_type":"article","og_title":"Blogue sobre PPC, SEO e marketing - Ag\u00eancia de Marketing AdWorld","og_description":"No nosso blogue, encontrar\u00e1 informa\u00e7\u00f5es \u00fateis sobre Marketing, PPC e SEO. Tend\u00eancias, guias e tudo o que deve saber para fazer crescer o seu neg\u00f3cio.","og_url":"https:\/\/www.adworld.si\/pt-pt\/blog\/","og_site_name":"Adworld: PPC &amp; SEO Experts - Best SEM Services Adworld Internet Marketing: PPC &amp; SEO Experts - Best SEM Services","article_publisher":"https:\/\/www.facebook.com\/Adworldppc\/","article_modified_time":"2025-02-21T08:52:00+00:00","twitter_card":"summary_large_image","schema":{"@context":"https:\/\/schema.org","@graph":[{"@type":"WebPage","@id":"https:\/\/www.adworld.si\/pt-pt\/blog\/","url":"https:\/\/www.adworld.si\/pt-pt\/blog\/","name":"Blogue sobre PPC, SEO e marketing - Ag\u00eancia de Marketing AdWorld","isPartOf":{"@id":"https:\/\/www.adworld.si\/pt-pt\/#website"},"datePublished":"2025-02-21T08:06:33+00:00","dateModified":"2025-02-21T08:52:00+00:00","description":"No nosso blogue, encontrar\u00e1 informa\u00e7\u00f5es \u00fateis sobre Marketing, PPC e SEO. Tend\u00eancias, guias e tudo o que deve saber para fazer crescer o seu neg\u00f3cio.","breadcrumb":{"@id":"https:\/\/www.adworld.si\/pt-pt\/blog\/#breadcrumb"},"inLanguage":"pt-PT","potentialAction":[{"@type":"ReadAction","target":["https:\/\/www.adworld.si\/pt-pt\/blog\/"]}]},{"@type":"BreadcrumbList","@id":"https:\/\/www.adworld.si\/pt-pt\/blog\/#breadcrumb","itemListElement":[{"@type":"ListItem","position":1,"name":"Home","item":"https:\/\/www.adworld.si\/pt-pt\/"},{"@type":"ListItem","position":2,"name":"Blog"}]},{"@type":"WebSite","@id":"https:\/\/www.adworld.si\/pt-pt\/#website","url":"https:\/\/www.adworld.si\/pt-pt\/","name":"Adworld Internet Marketing: PPC & SEO Experts - Best SEM Services","description":"Grow your traffic and sales with our Digital Marketing Services. We are specialised in PPC &amp; SEO. 10+ years of experience. Customised solutions for your brand!.","publisher":{"@id":"https:\/\/www.adworld.si\/pt-pt\/#organization"},"potentialAction":[{"@type":"SearchAction","target":{"@type":"EntryPoint","urlTemplate":"https:\/\/www.adworld.si\/pt-pt\/?s={search_term_string}"},"query-input":{"@type":"PropertyValueSpecification","valueRequired":true,"valueName":"search_term_string"}}],"inLanguage":"pt-PT"},{"@type":"Organization","@id":"https:\/\/www.adworld.si\/pt-pt\/#organization","name":"Adworld Internet Marketing Klemen Kveder s.p.","url":"https:\/\/www.adworld.si\/pt-pt\/","logo":{"@type":"ImageObject","inLanguage":"pt-PT","@id":"https:\/\/www.adworld.si\/pt-pt\/#\/schema\/logo\/image\/","url":"https:\/\/www.adworld.si\/wp-content\/uploads\/2023\/10\/logo.svg","contentUrl":"https:\/\/www.adworld.si\/wp-content\/uploads\/2023\/10\/logo.svg","width":790,"height":588,"caption":"Adworld Internet Marketing Klemen Kveder s.p."},"image":{"@id":"https:\/\/www.adworld.si\/pt-pt\/#\/schema\/logo\/image\/"},"sameAs":["https:\/\/www.facebook.com\/Adworldppc\/","https:\/\/www.linkedin.com\/company\/agencijaadworld\/?viewAsMember=true"]}]}},"_links":{"self":[{"href":"https:\/\/www.adworld.si\/pt-pt\/wp-json\/wp\/v2\/pages\/4501","targetHints":{"allow":["GET"]}}],"collection":[{"href":"https:\/\/www.adworld.si\/pt-pt\/wp-json\/wp\/v2\/pages"}],"about":[{"href":"https:\/\/www.adworld.si\/pt-pt\/wp-json\/wp\/v2\/types\/page"}],"author":[{"embeddable":true,"href":"https:\/\/www.adworld.si\/pt-pt\/wp-json\/wp\/v2\/users\/2"}],"replies":[{"embeddable":true,"href":"https:\/\/www.adworld.si\/pt-pt\/wp-json\/wp\/v2\/comments?post=4501"}],"version-history":[{"count":1,"href":"https:\/\/www.adworld.si\/pt-pt\/wp-json\/wp\/v2\/pages\/4501\/revisions"}],"predecessor-version":[{"id":4502,"href":"https:\/\/www.adworld.si\/pt-pt\/wp-json\/wp\/v2\/pages\/4501\/revisions\/4502"}],"wp:attachment":[{"href":"https:\/\/www.adworld.si\/pt-pt\/wp-json\/wp\/v2\/media?parent=4501"}],"curies":[{"name":"wp","href":"https:\/\/api.w.org\/{rel}","templated":true}]}}